{"id":94,"date":"2015-10-20T00:36:04","date_gmt":"2015-10-20T00:36:04","guid":{"rendered":"http:\/\/fira.edu.br\/revista\/?page_id=94"},"modified":"2015-10-20T00:38:01","modified_gmt":"2015-10-20T00:38:01","slug":"vol-5-n-2-2015","status":"publish","type":"page","link":"http:\/\/fira.edu.br\/revista\/vol-5-n-2-2015\/","title":{"rendered":"Vol. 5 n\u00b0 2 2015"},"content":{"rendered":"<p><a title=\"Ler artigo.\" href=\"http:\/\/fira.edu.br\/revista\/wp-content\/uploads\/2015\/10\/reec_2015_vol5_num2_pag1.pdf\">O REGIONALISMO DE 30: UMA LEITURA DE MENINO DE ENGENHO<\/a><br \/>\nAlessandro Aparecido Modesto, p. 1<\/p>\n<p><a title=\"Ler artigo.\" href=\"http:\/\/fira.edu.br\/revista\/wp-content\/uploads\/2015\/10\/reec_2015_vol5_num2_pag12.pdf\">ELEMENTOS DE COMICIDADE EM \u201cO ELIXIR DO PAJ\u00c9\u201d, DE BERNARDO GUIMAR\u00c3ES<\/a><br \/>\nDeividi Pires Batista, p. 12<\/p>\n<p><a title=\"Ler artigo.\" href=\"http:\/\/fira.edu.br\/revista\/wp-content\/uploads\/2015\/10\/reec_2015_vol5_num2_pag24.pdf\">RESIST\u00caNCIA E UTOPIA: AM\u00c1LGAMA E A S\u00c1TIRA NO EXERC\u00cdCIO PO\u00c9TICO DE RUBEM FONSECA<\/a><br \/>\nEmerson Calil Rossetti, p. 24<\/p>\n<p><a title=\"Ler artigo.\" href=\"http:\/\/fira.edu.br\/revista\/wp-content\/uploads\/2015\/10\/reec_2015_vol5_num2_pag36.pdf\">SOBRE A MODERNIDADE<\/a><br \/>\nJuliana Helo\u00edsa Moreno Rutigliano, p. 36<\/p>\n<p><a title=\"Ler artigo.\" href=\"http:\/\/fira.edu.br\/revista\/wp-content\/uploads\/2015\/10\/reec_2015_vol5_num2_pag52.pdf\">A CONSTRU\u00c7\u00c3O DA PERSONAGEM ANA NO CONTO \u201cAMOR\u201d DE CLARICE LISPECTOR<\/a><br \/>\nLigia Domingues Paulucci, p. 52<\/p>\n<p>&nbsp;<\/p>\n","protected":false},"excerpt":{"rendered":"<p>O REGIONALISMO DE 30: UMA LEITURA DE MENINO DE ENGENHO Alessandro Aparecido Modesto, p. 1 ELEMENTOS DE COMICIDADE EM \u201cO ELIXIR DO PAJ\u00c9\u201d, DE BERNARDO GUIMAR\u00c3ES Deividi Pires Batista, p. 12 RESIST\u00caNCIA E UTOPIA: AM\u00c1LGAMA E A S\u00c1TIRA NO EXERC\u00cdCIO PO\u00c9TICO DE RUBEM FONSECA Emerson Calil Rossetti, p. 24 SOBRE A MODERNIDADE Juliana Helo\u00edsa Moreno &hellip; <a href=\"http:\/\/fira.edu.br\/revista\/vol-5-n-2-2015\/\" class=\"more-link\">Continue lendo <span class=\"screen-reader-text\">Vol. 5 n\u00b0 2 2015<\/span> <span class=\"meta-nav\">&rarr;<\/span><\/a><\/p>\n","protected":false},"author":3,"featured_media":0,"parent":0,"menu_order":0,"comment_status":"closed","ping_status":"closed","template":"","meta":{"footnotes":""},"class_list":["post-94","page","type-page","status-publish","hentry"],"_links":{"self":[{"href":"http:\/\/fira.edu.br\/revista\/wp-json\/wp\/v2\/pages\/94","targetHints":{"allow":["GET"]}}],"collection":[{"href":"http:\/\/fira.edu.br\/revista\/wp-json\/wp\/v2\/pages"}],"about":[{"href":"http:\/\/fira.edu.br\/revista\/wp-json\/wp\/v2\/types\/page"}],"author":[{"embeddable":true,"href":"http:\/\/fira.edu.br\/revista\/wp-json\/wp\/v2\/users\/3"}],"replies":[{"embeddable":true,"href":"http:\/\/fira.edu.br\/revista\/wp-json\/wp\/v2\/comments?post=94"}],"version-history":[{"count":3,"href":"http:\/\/fira.edu.br\/revista\/wp-json\/wp\/v2\/pages\/94\/revisions"}],"predecessor-version":[{"id":107,"href":"http:\/\/fira.edu.br\/revista\/wp-json\/wp\/v2\/pages\/94\/revisions\/107"}],"wp:attachment":[{"href":"http:\/\/fira.edu.br\/revista\/wp-json\/wp\/v2\/media?parent=94"}],"curies":[{"name":"wp","href":"https:\/\/api.w.org\/{rel}","templated":true}]}}