{"id":78,"date":"2015-03-11T02:33:53","date_gmt":"2015-03-11T02:33:53","guid":{"rendered":"http:\/\/fira.edu.br\/revista\/?page_id=78"},"modified":"2017-03-23T17:41:44","modified_gmt":"2017-03-23T17:41:44","slug":"vol-5-no1-2015","status":"publish","type":"page","link":"http:\/\/fira.edu.br\/revista\/vol-5-no1-2015\/","title":{"rendered":"Vol. 5 n\u00ba1 2015"},"content":{"rendered":"<p><a title=\"Ler artigo.\" href=\"http:\/\/fira.edu.br\/revista\/2015_vol5_num1_pag1.pdf\">DESENVOLVIMENTO DE BRISE VERTICAL COM POSICIONAMENTO AUTOMATIZADO ORIENTADO PELA MOVIMENTA\u00c7\u00c3O SOLAR<\/a><br \/>\nSamara Martha Cavalcante Cuppari da Silva e Jo\u00e3o Paulo Crivellaro de Menezes, p. 1<\/p>\n<p><a title=\"Ler artigo.\" href=\"http:\/\/fira.edu.br\/revista\/2015_vol5_num1_pag8.pdf\">DIAGN\u00d3STICO AMBIENTAL E INTERVEN\u00c7\u00c3O T\u00c9CNICA EM PROPRIEDADE RURAL \u2013 relato de atividades desenvolvidas<\/a><br \/>\nArejacy Ant\u00f4nio Sobral Silva, Marina Queiroz Silva e Estela Aparecida Fernandes Soares, p. 8<\/p>\n<p><a title=\"Ler artigo.\" href=\"http:\/\/fira.edu.br\/revista\/2015_vol5_num1_pag14.pdf\">EUDAIMON\u00cdA: UM ESTUDO SOBRE O PAPEL DA FELICIDADE NA \u00c9TICA A NIC\u00d4MACO<\/a><br \/>\nAnderson Gomes de Paiva, p. 14<\/p>\n<p><a title=\"Ler artigo.\" href=\"http:\/\/fira.edu.br\/revista\/2015_vol5_num1_pag25.pdf\">DISTRIBUI\u00c7\u00c3O DA FOR\u00c7A PLANTAR EM RELA\u00c7\u00c3O AO PESO E POSICIONAMENTO DO MATERIAL ESCOLAR<\/a><br \/>\nRita de C\u00e1ssia Montezori Delgado e Rosemary Berto, p. 25<\/p>\n<p><a title=\"Ler artigo.\" href=\"http:\/\/fira.edu.br\/revista\/2015_vol5_num1_pag33.pdf\">UMA AN\u00c1LISE A PARTIR DA OBRA TEORIA EST\u00c9TICA DE \u201cOS \u00cdCONES DA VIT\u00d3RIA\u201d FOTOGRAFIA DE SEBASTI\u00c3O SALGADO<\/a><br \/>\nLaudo Rodrigues Sobrinho, p. 33<\/p>\n<p><a title=\"Ler artigo.\" href=\"http:\/\/fira.edu.br\/revista\/2015_vol5_num1_pag41.pdf\">A PERCEP\u00c7\u00c3O DOS ALUNOS DA 2\u00aa S\u00c9RIE DO ENSINO M\u00c9DIO DAS ESCOLAS DE GOIATUBA-GO SOBRE OS PROTOZO\u00c1RIOS E SUAS RESPECTIVAS DOEN\u00c7AS<\/a><br \/>\nCeres Aparecida Vilela e Katymilla Guimar\u00e3es Girotto, p. 41<\/p>\n<p><a title=\"Ler o artigo.\" href=\"http:\/\/fira.edu.br\/revista\/wp-content\/uploads\/2015\/03\/2015_vol5_num1_pag55.pdf\">CONCEITOS B\u00c1SICOS DE RACIOC\u00cdNIO L\u00d3GICO PARA OS CONCURSOS DE N\u00cdVEL M\u00c9DIO<\/a><br \/>\nAna Carolina Sakamoto, F\u00e1bio Crivelli de \u00c1vila, Luciane de F\u00e1tima Rodrigues de Souza e Jo\u00e3o Paulo Crivellaro de Menezes, p. 55<\/p>\n<p><a href=\"http:\/\/fira.edu.br\/revista\/wp-content\/uploads\/2015\/03\/2015_vol5_num1_pag65.pdf\">M\u00c9TODOS INFORMATIZADOS CONTRIBUEM PARA O ENSINO DA MATEM\u00c1TICA: UTILIZA\u00c7\u00c3O DO GEOGEBRA PARA O ENSINO DA GEOMETRIA- Revis\u00e3o bibliogr\u00e1fica<\/a><br \/>\nIsabela Gobbo Faria, Luciane de F\u00e1tima Rodrigues de Souza e Estela Aparecida Fernandes Soares, p. 65<\/p>\n<p><a title=\"Clique aqui para ler o artigo.\" href=\"http:\/\/fira.edu.br\/revista\/wp-content\/uploads\/2015\/03\/2015_vol5_num1_pag71.pdf\">AN\u00c1LISE DA METODOLOGIA DE ENSINO DE SEQU\u00caNCIAS DID\u00c1TICAS<strong><br \/>\n<\/strong><\/a>Eliana Mendes, p. 71<\/p>\n","protected":false},"excerpt":{"rendered":"<p>DESENVOLVIMENTO DE BRISE VERTICAL COM POSICIONAMENTO AUTOMATIZADO ORIENTADO PELA MOVIMENTA\u00c7\u00c3O SOLAR Samara Martha Cavalcante Cuppari da Silva e Jo\u00e3o Paulo Crivellaro de Menezes, p. 1 DIAGN\u00d3STICO AMBIENTAL E INTERVEN\u00c7\u00c3O T\u00c9CNICA EM PROPRIEDADE RURAL \u2013 relato de atividades desenvolvidas Arejacy Ant\u00f4nio Sobral Silva, Marina Queiroz Silva e Estela Aparecida Fernandes Soares, p. 8 EUDAIMON\u00cdA: UM ESTUDO &hellip; <a href=\"http:\/\/fira.edu.br\/revista\/vol-5-no1-2015\/\" class=\"more-link\">Continue lendo <span class=\"screen-reader-text\">Vol. 5 n\u00ba1 2015<\/span> <span class=\"meta-nav\">&rarr;<\/span><\/a><\/p>\n","protected":false},"author":3,"featured_media":0,"parent":0,"menu_order":0,"comment_status":"closed","ping_status":"closed","template":"","meta":{"footnotes":""},"class_list":["post-78","page","type-page","status-publish","hentry"],"_links":{"self":[{"href":"http:\/\/fira.edu.br\/revista\/wp-json\/wp\/v2\/pages\/78","targetHints":{"allow":["GET"]}}],"collection":[{"href":"http:\/\/fira.edu.br\/revista\/wp-json\/wp\/v2\/pages"}],"about":[{"href":"http:\/\/fira.edu.br\/revista\/wp-json\/wp\/v2\/types\/page"}],"author":[{"embeddable":true,"href":"http:\/\/fira.edu.br\/revista\/wp-json\/wp\/v2\/users\/3"}],"replies":[{"embeddable":true,"href":"http:\/\/fira.edu.br\/revista\/wp-json\/wp\/v2\/comments?post=78"}],"version-history":[{"count":9,"href":"http:\/\/fira.edu.br\/revista\/wp-json\/wp\/v2\/pages\/78\/revisions"}],"predecessor-version":[{"id":92,"href":"http:\/\/fira.edu.br\/revista\/wp-json\/wp\/v2\/pages\/78\/revisions\/92"}],"wp:attachment":[{"href":"http:\/\/fira.edu.br\/revista\/wp-json\/wp\/v2\/media?parent=78"}],"curies":[{"name":"wp","href":"https:\/\/api.w.org\/{rel}","templated":true}]}}