{"id":70,"date":"2015-03-11T01:11:23","date_gmt":"2015-03-11T01:11:23","guid":{"rendered":"http:\/\/fira.edu.br\/revista\/?page_id=70"},"modified":"2015-03-11T01:11:23","modified_gmt":"2015-03-11T01:11:23","slug":"vol-4-no-2-2014","status":"publish","type":"page","link":"http:\/\/fira.edu.br\/revista\/vol-4-no-2-2014\/","title":{"rendered":"Vol. 4 n\u00ba 2 2014"},"content":{"rendered":"<div id=\"Layer2\" title=\"\">\n<div id=\"wb_Text3\"><strong><a href=\"http:\/\/fira.edu.br\/revista\/2014_vol1_num2_pag1.pdf\">CONDU\u00c7\u00c3O EL\u00c9TRICA NOS S\u00d3LIDOS: ABORDAGEM CL\u00c1SSICA E QU\u00c2NTICA<\/a><\/strong><br \/>\n<em>Ronni Geraldo Gomes de Amorim, Vin\u00edcius Carvalhaes, Philippe Dias Ara\u00fajo, Eberth de Almeida Corr\u00eaa, Caio M. Polito e Washington Barbosa da Silva, p.1<\/p>\n<p><\/em><strong><a href=\"http:\/\/fira.edu.br\/revista\/2014_vol1_num2_pag13.pdf\">O ESTILO MACHADIANO: UMA LEITURA DE \u201cTERPS\u00cdCORE\u201d<br \/>\n<\/a><\/strong><em>Fernanda Oliveira dos SANTOS, Emerson Calil ROSSETTI, p.13<\/p>\n<p><\/em><strong><a href=\"http:\/\/fira.edu.br\/revista\/2014_vol1_num2_pag22.pdf\">AULA DE ARTE: MEDIA\u00c7\u00c3O SEMI\u00d3TICA COM ALUNOS DO 3\u00ba ANO DO ENSINO M\u00c9DIO<\/a><\/strong><a href=\"http:\/\/fira.edu.br\/revista\/2014_vol1_num2_pag22.pdf\"><br \/>\n<\/a><em>Laudo RODRIGUES SOBRINHO, Mary F\u00e1tima Gomes RODRIGUES, p.22<\/p>\n<p><\/em><strong><a href=\"http:\/\/fira.edu.br\/revista\/2014_vol1_num2_pag30.pdf\">LEVANTAMENTO BIBLIOGR\u00c1FICO SOBRE DOEN\u00c7AS TRANSMITIDAS AOS SERES HUMANOS PRESENTES NOS LIVROS DID\u00c1TICOS DE 6\u00b0 E 7\u00b0 ANOS DO ENSINO FUNDAMENTAL<\/a><br \/>\n<\/strong><em>Orlando Marques da Costa J\u00fanior, Katymilla Guimar\u00e3es Girotto, p. 30<\/p>\n<p><\/em><strong><a href=\"http:\/\/fira.edu.br\/revista\/2014_vol1_num2_pag40.pdf\">ESTUDO DA POSTURA EM ALUNOS DO EST\u00c1GIO DE FISIOTERAPIA<br \/>\nDA FACULDADE MARECHAL RONDON &#8211; FMR<br \/>\n<\/a><\/strong><em>Karina Zanotel de Oliveira, Rosemary Berto, p.40<\/em><\/div>\n<\/div>\n","protected":false},"excerpt":{"rendered":"<p>CONDU\u00c7\u00c3O EL\u00c9TRICA NOS S\u00d3LIDOS: ABORDAGEM CL\u00c1SSICA E QU\u00c2NTICA Ronni Geraldo Gomes de Amorim, Vin\u00edcius Carvalhaes, Philippe Dias Ara\u00fajo, Eberth de Almeida Corr\u00eaa, Caio M. Polito e Washington Barbosa da Silva, p.1 O ESTILO MACHADIANO: UMA LEITURA DE \u201cTERPS\u00cdCORE\u201d Fernanda Oliveira dos SANTOS, Emerson Calil ROSSETTI, p.13 AULA DE ARTE: MEDIA\u00c7\u00c3O SEMI\u00d3TICA COM ALUNOS DO 3\u00ba &hellip; <a href=\"http:\/\/fira.edu.br\/revista\/vol-4-no-2-2014\/\" class=\"more-link\">Continue lendo <span class=\"screen-reader-text\">Vol. 4 n\u00ba 2 2014<\/span> <span class=\"meta-nav\">&rarr;<\/span><\/a><\/p>\n","protected":false},"author":3,"featured_media":0,"parent":0,"menu_order":0,"comment_status":"closed","ping_status":"closed","template":"","meta":{"footnotes":""},"class_list":["post-70","page","type-page","status-publish","hentry"],"_links":{"self":[{"href":"http:\/\/fira.edu.br\/revista\/wp-json\/wp\/v2\/pages\/70","targetHints":{"allow":["GET"]}}],"collection":[{"href":"http:\/\/fira.edu.br\/revista\/wp-json\/wp\/v2\/pages"}],"about":[{"href":"http:\/\/fira.edu.br\/revista\/wp-json\/wp\/v2\/types\/page"}],"author":[{"embeddable":true,"href":"http:\/\/fira.edu.br\/revista\/wp-json\/wp\/v2\/users\/3"}],"replies":[{"embeddable":true,"href":"http:\/\/fira.edu.br\/revista\/wp-json\/wp\/v2\/comments?post=70"}],"version-history":[{"count":1,"href":"http:\/\/fira.edu.br\/revista\/wp-json\/wp\/v2\/pages\/70\/revisions"}],"predecessor-version":[{"id":71,"href":"http:\/\/fira.edu.br\/revista\/wp-json\/wp\/v2\/pages\/70\/revisions\/71"}],"wp:attachment":[{"href":"http:\/\/fira.edu.br\/revista\/wp-json\/wp\/v2\/media?parent=70"}],"curies":[{"name":"wp","href":"https:\/\/api.w.org\/{rel}","templated":true}]}}