{"id":6,"date":"2015-03-01T01:17:40","date_gmt":"2015-03-01T01:17:40","guid":{"rendered":"http:\/\/fira.edu.br\/revista\/?page_id=6"},"modified":"2015-03-11T01:16:41","modified_gmt":"2015-03-11T01:16:41","slug":"area-de-publicacao","status":"publish","type":"page","link":"http:\/\/fira.edu.br\/revista\/area-de-publicacao\/","title":{"rendered":"\u00c1rea de Publica\u00e7\u00e3o"},"content":{"rendered":"<p style=\"text-align: justify;\">A Revista Eletr\u00f4nica de Educa\u00e7\u00e3o e Ci\u00eancia &#8211; REEC &#8211; \u00e9 uma publica\u00e7\u00e3o eletr\u00f4nica e quadrimestral. A REEC destina-se \u00e0 divulga\u00e7\u00e3o de trabalhos cient\u00edficos originais, revis\u00f5es bibliogr\u00e1ficas, ensaios, relatos, compreendendo: estudos de casos, experi\u00eancias de ensino e propostas educativas, resenhas cr\u00edticas de livros, artigos cient\u00edficos, filmes, programas de TV, entrevistas, sites cient\u00edficos e educacionais, resumos de monografias, disserta\u00e7\u00f5es e teses. \u00c1reas de publica\u00e7\u00e3o: \u00e1reas da educa\u00e7\u00e3o, exatas, humanas, agr\u00e1rias, sa\u00fade, biol\u00f3gicas e tecnol\u00f3gicas.<\/p>\n","protected":false},"excerpt":{"rendered":"<p>A Revista Eletr\u00f4nica de Educa\u00e7\u00e3o e Ci\u00eancia &#8211; REEC &#8211; \u00e9 uma publica\u00e7\u00e3o eletr\u00f4nica e quadrimestral. A REEC destina-se \u00e0 divulga\u00e7\u00e3o de trabalhos cient\u00edficos originais, revis\u00f5es bibliogr\u00e1ficas, ensaios, relatos, compreendendo: estudos de casos, experi\u00eancias de ensino e propostas educativas, resenhas cr\u00edticas de livros, artigos cient\u00edficos, filmes, programas de TV, entrevistas, sites cient\u00edficos e educacionais, resumos &hellip; <a href=\"http:\/\/fira.edu.br\/revista\/area-de-publicacao\/\" class=\"more-link\">Continue lendo <span class=\"screen-reader-text\">\u00c1rea de Publica\u00e7\u00e3o<\/span> <span class=\"meta-nav\">&rarr;<\/span><\/a><\/p>\n","protected":false},"author":3,"featured_media":0,"parent":0,"menu_order":0,"comment_status":"closed","ping_status":"closed","template":"","meta":{"footnotes":""},"class_list":["post-6","page","type-page","status-publish","hentry"],"_links":{"self":[{"href":"http:\/\/fira.edu.br\/revista\/wp-json\/wp\/v2\/pages\/6","targetHints":{"allow":["GET"]}}],"collection":[{"href":"http:\/\/fira.edu.br\/revista\/wp-json\/wp\/v2\/pages"}],"about":[{"href":"http:\/\/fira.edu.br\/revista\/wp-json\/wp\/v2\/types\/page"}],"author":[{"embeddable":true,"href":"http:\/\/fira.edu.br\/revista\/wp-json\/wp\/v2\/users\/3"}],"replies":[{"embeddable":true,"href":"http:\/\/fira.edu.br\/revista\/wp-json\/wp\/v2\/comments?post=6"}],"version-history":[{"count":4,"href":"http:\/\/fira.edu.br\/revista\/wp-json\/wp\/v2\/pages\/6\/revisions"}],"predecessor-version":[{"id":45,"href":"http:\/\/fira.edu.br\/revista\/wp-json\/wp\/v2\/pages\/6\/revisions\/45"}],"wp:attachment":[{"href":"http:\/\/fira.edu.br\/revista\/wp-json\/wp\/v2\/media?parent=6"}],"curies":[{"name":"wp","href":"https:\/\/api.w.org\/{rel}","templated":true}]}}