{"id":4,"date":"2015-03-01T01:16:26","date_gmt":"2015-03-01T01:16:26","guid":{"rendered":"http:\/\/fira.edu.br\/revista\/?page_id=4"},"modified":"2015-03-11T01:17:14","modified_gmt":"2015-03-11T01:17:14","slug":"inicio","status":"publish","type":"page","link":"http:\/\/fira.edu.br\/revista\/","title":{"rendered":"Apresenta\u00e7\u00e3o"},"content":{"rendered":"<p style=\"text-align: justify;\"><span style=\"font-size: 14pt;\">As Faculdades Integradas Regionais de Avar\u00e9 e a Funda\u00e7\u00e3o Regional Educacional de Avar\u00e9 possuem um grande n\u00famero de pesquisadores e professores das \u00e1reas biol\u00f3gicas, exatas e humanas proporcionando uma intera\u00e7\u00e3o interdisciplinar de conhecimentos educacionais e cient\u00edficos.<\/span><br \/>\n<span style=\"font-size: 14pt;\"> A Revista Eletr\u00f4nica de Educa\u00e7\u00e3o e Ci\u00eancia &#8211; REEC nasce com o objetivo de incentivar e desenvolver a interdisciplinaridade no conhecimento educacional e cient\u00edfico. A REEC ter\u00e1 como objetivo principal o desenvolvimento dos conhecimentos educacionais e dos conhecimentos das \u00e1reas de exatas, humanas, biol\u00f3gicas, sa\u00fade, agr\u00e1rias e tecnol\u00f3gicas na sociedade. O foco da revista ser\u00e1 o desenvolvimento educacional e cient\u00edfico de forma interdisciplinar.<\/span><\/p>\n","protected":false},"excerpt":{"rendered":"<p>As Faculdades Integradas Regionais de Avar\u00e9 e a Funda\u00e7\u00e3o Regional Educacional de Avar\u00e9 possuem um grande n\u00famero de pesquisadores e professores das \u00e1reas biol\u00f3gicas, exatas e humanas proporcionando uma intera\u00e7\u00e3o interdisciplinar de conhecimentos educacionais e cient\u00edficos. A Revista Eletr\u00f4nica de Educa\u00e7\u00e3o e Ci\u00eancia &#8211; REEC nasce com o objetivo de incentivar e desenvolver a interdisciplinaridade &hellip; <a href=\"http:\/\/fira.edu.br\/revista\/\" class=\"more-link\">Continue lendo <span class=\"screen-reader-text\">Apresenta\u00e7\u00e3o<\/span> <span class=\"meta-nav\">&rarr;<\/span><\/a><\/p>\n","protected":false},"author":3,"featured_media":0,"parent":0,"menu_order":0,"comment_status":"closed","ping_status":"closed","template":"","meta":{"footnotes":""},"class_list":["post-4","page","type-page","status-publish","hentry"],"_links":{"self":[{"href":"http:\/\/fira.edu.br\/revista\/wp-json\/wp\/v2\/pages\/4","targetHints":{"allow":["GET"]}}],"collection":[{"href":"http:\/\/fira.edu.br\/revista\/wp-json\/wp\/v2\/pages"}],"about":[{"href":"http:\/\/fira.edu.br\/revista\/wp-json\/wp\/v2\/types\/page"}],"author":[{"embeddable":true,"href":"http:\/\/fira.edu.br\/revista\/wp-json\/wp\/v2\/users\/3"}],"replies":[{"embeddable":true,"href":"http:\/\/fira.edu.br\/revista\/wp-json\/wp\/v2\/comments?post=4"}],"version-history":[{"count":3,"href":"http:\/\/fira.edu.br\/revista\/wp-json\/wp\/v2\/pages\/4\/revisions"}],"predecessor-version":[{"id":76,"href":"http:\/\/fira.edu.br\/revista\/wp-json\/wp\/v2\/pages\/4\/revisions\/76"}],"wp:attachment":[{"href":"http:\/\/fira.edu.br\/revista\/wp-json\/wp\/v2\/media?parent=4"}],"curies":[{"name":"wp","href":"https:\/\/api.w.org\/{rel}","templated":true}]}}