{"id":27,"date":"2015-03-09T01:24:18","date_gmt":"2015-03-09T01:24:18","guid":{"rendered":"http:\/\/fira.edu.br\/revista\/?page_id=27"},"modified":"2020-09-17T18:09:43","modified_gmt":"2020-09-17T18:09:43","slug":"correspondencia","status":"publish","type":"page","link":"http:\/\/fira.edu.br\/revista\/correspondencia\/","title":{"rendered":"Correspond\u00eancia"},"content":{"rendered":"<p>A <em>Revista Eletr\u00f4nica de Educa\u00e7\u00e3o e Ci\u00eancia &#8211; REEC<\/em><\/p>\n<p>Funda\u00e7\u00e3o Regional Educacional de Avar\u00e9<br \/>\nFIRA &#8211; Faculdades Integradas Regionais de Avar\u00e9 &#8211; Pra\u00e7a Pref. Romeu Bretas, 163 &#8211; Avar\u00e9 &#8211; S\u00e3o Paulo &#8211; Brasil &#8211; CEP 18700-902<br \/>\nTelefone &#8211; (14) 3711 1828<br \/>\nE-mail: revista@frea.edu.br<\/p>\n","protected":false},"excerpt":{"rendered":"<p>A Revista Eletr\u00f4nica de Educa\u00e7\u00e3o e Ci\u00eancia &#8211; REEC Funda\u00e7\u00e3o Regional Educacional de Avar\u00e9 FIRA &#8211; Faculdades Integradas Regionais de Avar\u00e9 &#8211; Pra\u00e7a Pref. Romeu Bretas, 163 &#8211; Avar\u00e9 &#8211; S\u00e3o Paulo &#8211; Brasil &#8211; CEP 18700-902 Telefone &#8211; (14) 3711 1828 E-mail: revista@frea.edu.br<\/p>\n","protected":false},"author":3,"featured_media":0,"parent":0,"menu_order":0,"comment_status":"closed","ping_status":"closed","template":"","meta":{"footnotes":""},"class_list":["post-27","page","type-page","status-publish","hentry"],"_links":{"self":[{"href":"http:\/\/fira.edu.br\/revista\/wp-json\/wp\/v2\/pages\/27","targetHints":{"allow":["GET"]}}],"collection":[{"href":"http:\/\/fira.edu.br\/revista\/wp-json\/wp\/v2\/pages"}],"about":[{"href":"http:\/\/fira.edu.br\/revista\/wp-json\/wp\/v2\/types\/page"}],"author":[{"embeddable":true,"href":"http:\/\/fira.edu.br\/revista\/wp-json\/wp\/v2\/users\/3"}],"replies":[{"embeddable":true,"href":"http:\/\/fira.edu.br\/revista\/wp-json\/wp\/v2\/comments?post=27"}],"version-history":[{"count":3,"href":"http:\/\/fira.edu.br\/revista\/wp-json\/wp\/v2\/pages\/27\/revisions"}],"predecessor-version":[{"id":189,"href":"http:\/\/fira.edu.br\/revista\/wp-json\/wp\/v2\/pages\/27\/revisions\/189"}],"wp:attachment":[{"href":"http:\/\/fira.edu.br\/revista\/wp-json\/wp\/v2\/media?parent=27"}],"curies":[{"name":"wp","href":"https:\/\/api.w.org\/{rel}","templated":true}]}}