{"id":22,"date":"2015-03-09T01:19:07","date_gmt":"2015-03-09T01:19:07","guid":{"rendered":"http:\/\/fira.edu.br\/revista\/?page_id=22"},"modified":"2025-09-01T18:15:01","modified_gmt":"2025-09-01T18:15:01","slug":"normas","status":"publish","type":"page","link":"http:\/\/fira.edu.br\/revista\/normas\/","title":{"rendered":"Normas"},"content":{"rendered":"<div id=\"wb_Text2\">\n<div><strong>INSTRU\u00c7\u00d5ES AOS AUTORES &#8211; REEC<\/strong><\/div>\n<div><\/div>\n<div><\/div>\n<div>A Revista Eletr\u00f4nica de Educa\u00e7\u00e3o e Ci\u00eancia (REEC) tem o objetivo de publicar artigos<\/div>\n<div>cient\u00edficos, comunica\u00e7\u00f5es cient\u00edficas e artigos de revis\u00e3o (revis\u00f5es bibliogr\u00e1ficas) de autores,<\/div>\n<div>nacionais ou estrangeiras.<\/div>\n<div><\/div>\n<div>Observa\u00e7\u00e3o: Verificar o <em>modelo do formato de manuscrito da revista REEC<\/em>.<\/div>\n<div><\/div>\n<div><strong>1. Procedimentos para Aceita\u00e7\u00e3o dos Artigos<\/strong>:<\/div>\n<div>\u2022 <strong>Primeira Etapa<\/strong>: sele\u00e7\u00e3o dos artigos segundo crit\u00e9rio de relev\u00e2ncia e adequa\u00e7\u00e3o \u00e0s<\/div>\n<div>diretrizes editoriais.<\/div>\n<div>\u2022 <strong>Segunda Etapa<\/strong>: parecer elaborado por pareceristas. Havendo tr\u00eas possibilidades:<\/div>\n<div>a) aceita\u00e7\u00e3o integral;<\/div>\n<div>b) aceita\u00e7\u00e3o com altera\u00e7\u00f5es;<\/div>\n<div>c) recusa integral.<\/div>\n<div><\/div>\n<div><strong>1.1. L\u00ednguas<\/strong>: Ser\u00e3o aceitos trabalhos redigidos em ingl\u00eas, espanhol ou preferencialmente em<\/div>\n<div>portugu\u00eas.<\/div>\n<div><strong>1.2.<\/strong> As opini\u00f5es e conceitos contidos nos artigos s\u00e3o de responsabilidade exclusiva do(s)<\/div>\n<div>autor(es).<\/div>\n<div><\/div>\n<div><strong>2. Tipos de Colabora\u00e7\u00f5es Aceitas pela Revista: <\/strong>ser\u00e3o aceitos trabalhos originais que se<\/div>\n<div>enquadrem nas seguintes categorias:<\/div>\n<div><strong>2.1. Artigos Cient\u00edficos (m\u00e1ximo de 20 p\u00e1ginas)<\/strong>: Apresentam, geralmente, estudos te\u00f3ricos<\/div>\n<div>ou pr\u00e1ticos referentes \u00e0 pesquisa e desenvolvimento que atingiram resultados conclusivos<\/div>\n<div>significativos. Devem conter os seguintes t\u00f3picos: T\u00edtulo (Portugu\u00eas e Ingl\u00eas); Resumo;<\/div>\n<div>Palavras-chave; Abstract; Key-words; Introdu\u00e7\u00e3o; Material e M\u00e9todos; Resultados e Discuss\u00e3o;<\/div>\n<div>Agradecimentos (quando necess\u00e1rios), e Refer\u00eancias.<\/div>\n<div><strong>2.2 Comunica\u00e7\u00f5es Cient\u00edficas e Divulga\u00e7\u00f5es (m\u00e1ximo de 5 p\u00e1ginas)<\/strong>: S\u00e3o textos mais<\/div>\n<div>curtos, nos quais se apresentam resultados preliminares, julgados novos ou especialmente<\/div>\n<div>relevantes, de uma pesquisa em curso. Devem conter os seguintes t\u00f3picos: T\u00edtulo (Portugu\u00eas e<\/div>\n<div>Ingl\u00eas); Resumo; Palavras-chave; Abstract; Key-words; Introdu\u00e7\u00e3o; Metodologia; Resultados e<\/div>\n<div>Discuss\u00e3o, podendo conter tabelas ou ilustra\u00e7\u00f5es; e Refer\u00eancias.<\/div>\n<div><strong>2.3. Artigos de Revis\u00e3o (m\u00e1ximo de 20 p\u00e1ginas)<\/strong>: Apresentam um breve resumo de<\/div>\n<div>trabalhos existentes, seguidos de uma avalia\u00e7\u00e3o das novas id\u00e9ias, m\u00e9todos, resultados e<\/div>\n<div>conclus\u00f5es, e uma bibliografia relacionando as publica\u00e7\u00f5es significativas sobre o assunto.<\/div>\n<div>Devem conter: T\u00edtulo (Portugu\u00eas e Ingl\u00eas); Resumo; Palavras-chave; Abstract; Key-words;<\/div>\n<div>Introdu\u00e7\u00e3o; Metodologia; Desenvolvimento; Conclus\u00e3o ou Considera\u00e7\u00f5es finais e Refer\u00eancias.<\/div>\n<div><\/div>\n<div><strong>3. Forma de Apresenta\u00e7\u00e3o dos Artigos<\/strong><\/div>\n<div><strong>3.1. <\/strong>A <strong>REEC<\/strong> adota as normas de documenta\u00e7\u00e3o da Associa\u00e7\u00e3o Brasileira de Normas<\/div>\n<div>T\u00e9cnicas (ABNT) e de documenta\u00e7\u00e3o Vancouver. Os artigos devem ser encaminhados em<\/div>\n<div>c\u00f3pia eletr\u00f4nica (E-mails: revista@frea.edu.br e\/ou revista_reec@yahoo.com.br).<\/div>\n<div><strong>3.2.<\/strong> A vers\u00e3o <strong>reformulada<\/strong> dever\u00e1 ser encaminhada em via eletr\u00f4nica (revista@frea.edu.br<\/div>\n<div>e\/ou revista_reec@yahoo.com.br).<\/div>\n<div><strong>3.3.<\/strong> Todo artigo encaminhado \u00e0 revista deve ser acompanhado de carta assinada pelo(s) autor<\/div>\n<div>(es), Contendo autoriza\u00e7\u00e3o para reformula\u00e7\u00e3o de linguagem, se necess\u00e1ria.<\/div>\n<div><strong>3.4.<\/strong> A apresenta\u00e7\u00e3o dos trabalhos deve seguir a ordem representada no <em>modelo de<\/em><\/div>\n<div><em>manuscrito da revista REEC<\/em>.<\/div>\n<div><strong>\u00a0<\/strong><\/div>\n<div><strong>4. Direitos Autorais<\/strong><\/div>\n<div><strong>4.1. Artigos publicados na revista REEC<\/strong><\/div>\n<div>Os direitos autorais dos artigos publicados pertencem \u00e0 <em>revista REEC<\/em>. A reprodu\u00e7\u00e3o total dos<\/div>\n<div>artigos desta revista em outras publica\u00e7\u00f5es, ou para qualquer outra utilidade, est\u00e1<\/div>\n<div>condicionada \u00e0 autoriza\u00e7\u00e3o escrita do(s) Editor(es). Pessoas interessadas em reproduzir<\/div>\n<div>parcialmente os artigos desta revista dever\u00e3o ter permiss\u00e3o escrita do(s) autor(es).<\/div>\n<div>O(s) autor(es) devem encaminhar junto com o artigo, Carta de Autoriza\u00e7\u00e3o para Publica\u00e7\u00e3o<\/div>\n<div>(Anexo A) e Concess\u00e3o de Direitos Autorais (Anexo B e Anexo C).<\/div>\n<div><strong>4.2. Reprodu\u00e7\u00e3o parcial de outras publica\u00e7\u00f5es<\/strong><\/div>\n<div>Artigos submetidos que contiverem partes de texto extra\u00eddas de outras publica\u00e7\u00f5es devem<\/div>\n<div>obedecer aos limites especificados para garantir originalidade do trabalho submetido.<\/div>\n<div>Recomenda-se evitar a reprodu\u00e7\u00e3o de tabelas e ilustra\u00e7\u00f5es extra\u00eddas de outras publica\u00e7\u00f5es.<\/div>\n<div>O artigo que contiver reprodu\u00e7\u00e3o de uma ou mais tabelas e\/ou ilustra\u00e7\u00f5es de outras<\/div>\n<div>publica\u00e7\u00f5es s\u00f3 ser\u00e1 encaminhado para an\u00e1lise se vier acompanhado de permiss\u00e3o escrita do<\/div>\n<div>detentor do direito autoral do trabalho original para a reprodu\u00e7\u00e3o especificada na <em>REEC<\/em>. A<\/div>\n<div>permiss\u00e3o deve ser endere\u00e7ada ao autor do trabalho submetido. Em nenhuma circunst\u00e2ncia a<\/div>\n<div>REEC e os autores dos trabalhos publicados nesta revista repassar\u00e3o direitos assim obtidos.<\/div>\n<div><strong>\u00a0<\/strong><\/div>\n<div><strong>5. Os trabalhos n\u00e3o aceitos para publica\u00e7\u00e3o ser\u00e3o devolvidos aos autores, se<\/strong><\/div>\n<div><strong>solicitados.<\/strong><\/div>\n<div><\/div>\n<div><strong><span style=\"text-decoration: underline;\">6. Endere\u00e7o para Encaminhamento<\/span><\/strong>:<\/div>\n<div>A <em>Revista Eletr\u00f4nica de Educa\u00e7\u00e3o e Ci\u00eancia &#8211; REEC<\/em><\/div>\n<div>A\/C &#8211; Profa. Dra. Luciane de F\u00e1tima R. Souza e\/ou\u00a0Prof. Dr. Emerson Calil Rossetti<\/div>\n<div>Funda\u00e7\u00e3o Regional Educacional de Avar\u00e9 &#8211; FIRA &#8211; Faculdades Integradas Regionais de Avar\u00e9<\/div>\n<div>&#8211; Pra\u00e7a Pref. Romeu Bretas, 163 &#8211; Avar\u00e9 &#8211; S\u00e3o Paulo &#8211; Brasil &#8211; CEP 18700-902<\/div>\n<div>Telefone &#8211; (14) 3711 1828<\/div>\n<div>E-mails: revista@frea.edu.br<\/div>\n<\/div>\n<div id=\"wb_Text3\"><a href=\"http:\/\/www.fira.edu.br\/revista\/Anexo_A_MODELO_DE_CARTA_DE_AUTORIZACAO_PARA_PUBLICACAO.pdf\">ANEXO A &#8211; MODELO DE CARTA DE AUTORIZA\u00c7\u00c3O PARA PUBLICA\u00c7\u00c3O<\/a><\/div>\n<div id=\"wb_Text4\"><a href=\"http:\/\/www.fira.edu.br\/revista\/Anexo_B-CONCESSAO_DE_DIREITOS_AUTORAIS.pdf\">ANEXO B &#8211; CONCESS\u00c3O DE DIREITOS AUTORAIS<\/a><\/div>\n<div id=\"wb_Text5\"><a href=\"http:\/\/www.fira.edu.br\/revista\/ANEXO_C-Termo_de_Autorizacao_para_Publicacao_de_Artigo.pdf\">ANEXO C &#8211; TERMO DE AUTORIZA\u00c7\u00c3O PARA PUBLICA\u00c7\u00c3O DE ARTIGO<\/a><\/div>\n<div id=\"wb_Text6\"><a href=\"https:\/\/fira.edu.br\/revista\/Modelo_de_manuscrito_da_revista_REEC_.docx\">MODELO DO FORMATO DO ARTIGO DA REVISTA ELETR\u00d4NICA DE EDUCA\u00c7\u00c3O E CI\u00caNCIA<\/a><\/div>\n","protected":false},"excerpt":{"rendered":"<p>INSTRU\u00c7\u00d5ES AOS AUTORES &#8211; REEC A Revista Eletr\u00f4nica de Educa\u00e7\u00e3o e Ci\u00eancia (REEC) tem o objetivo de publicar artigos cient\u00edficos, comunica\u00e7\u00f5es cient\u00edficas e artigos de revis\u00e3o (revis\u00f5es bibliogr\u00e1ficas) de autores, nacionais ou estrangeiras. Observa\u00e7\u00e3o: Verificar o modelo do formato de manuscrito da revista REEC. 1. Procedimentos para Aceita\u00e7\u00e3o dos Artigos: \u2022 Primeira Etapa: sele\u00e7\u00e3o dos &hellip; <a href=\"http:\/\/fira.edu.br\/revista\/normas\/\" class=\"more-link\">Continue lendo <span class=\"screen-reader-text\">Normas<\/span> <span class=\"meta-nav\">&rarr;<\/span><\/a><\/p>\n","protected":false},"author":3,"featured_media":0,"parent":0,"menu_order":0,"comment_status":"closed","ping_status":"closed","template":"","meta":{"footnotes":""},"class_list":["post-22","page","type-page","status-publish","hentry"],"_links":{"self":[{"href":"http:\/\/fira.edu.br\/revista\/wp-json\/wp\/v2\/pages\/22","targetHints":{"allow":["GET"]}}],"collection":[{"href":"http:\/\/fira.edu.br\/revista\/wp-json\/wp\/v2\/pages"}],"about":[{"href":"http:\/\/fira.edu.br\/revista\/wp-json\/wp\/v2\/types\/page"}],"author":[{"embeddable":true,"href":"http:\/\/fira.edu.br\/revista\/wp-json\/wp\/v2\/users\/3"}],"replies":[{"embeddable":true,"href":"http:\/\/fira.edu.br\/revista\/wp-json\/wp\/v2\/comments?post=22"}],"version-history":[{"count":6,"href":"http:\/\/fira.edu.br\/revista\/wp-json\/wp\/v2\/pages\/22\/revisions"}],"predecessor-version":[{"id":198,"href":"http:\/\/fira.edu.br\/revista\/wp-json\/wp\/v2\/pages\/22\/revisions\/198"}],"wp:attachment":[{"href":"http:\/\/fira.edu.br\/revista\/wp-json\/wp\/v2\/media?parent=22"}],"curies":[{"name":"wp","href":"https:\/\/api.w.org\/{rel}","templated":true}]}}