{"id":172,"date":"2018-10-11T14:52:26","date_gmt":"2018-10-11T14:52:26","guid":{"rendered":"http:\/\/fira.edu.br\/revista\/?page_id=172"},"modified":"2018-10-11T14:54:58","modified_gmt":"2018-10-11T14:54:58","slug":"vol-8-no1-2018","status":"publish","type":"page","link":"http:\/\/fira.edu.br\/revista\/vol-8-no1-2018\/","title":{"rendered":"Vol. 8 n\u00ba1 2018"},"content":{"rendered":"<p><a href=\"http:\/\/fira.edu.br\/revista\/wp-content\/uploads\/2018\/10\/2018_vol8_num1_pg1.pdf\">LEVANTAMENTO DE PLANTAS MEDICINAIS UTILIZADAS POR FAMILIARES E ALUNOS DA E. E. Dr. PAULO ARA\u00daJO NOVAES NO MUNIC\u00cdPIO DE AVAR\u00c9 \u2013 SP<strong><br \/>\n<\/strong><\/a>Maria Caroline da Silveira, p.1.<\/p>\n<p><a href=\"http:\/\/fira.edu.br\/revista\/wp-content\/uploads\/2018\/10\/2018_vol8_num1_pg10.pdf\">A REVOLTA DA VACINA<strong><br \/>\n<\/strong><\/a>Felipe Parischi Falsarelli, p.10.<\/p>\n<p><a href=\"http:\/\/fira.edu.br\/revista\/wp-content\/uploads\/2018\/10\/2018_vol8_num1_pg25.pdf\">UMA PARCERIA PARA O CAOS: A ENTRADA DO BRASIL NA SEGUNDA GUERRA MUNDIAL<strong><br \/>\n<\/strong><\/a>Jonatan Rafael de Souza Mello, p.25.<\/p>\n<p><a href=\"http:\/\/fira.edu.br\/revista\/wp-content\/uploads\/2018\/10\/2018_vol8_num1_pg44.pdf\">A APURA\u00c7\u00c3O DO CUSTO DE PRODU\u00c7\u00c3O DE ALFACE CRESPA NO SISTEMA AGROECOL\u00d3GICO COMO FERRAMENTA DE GEST\u00c3O FINANCEIRA PARA O PRODUTOR RURAL<strong><br \/>\n<\/strong><\/a>Arejacy Ant\u00f4nio Sobral Silva, Alexandre Jos\u00e9 Ronagnoli, Raquel de Souza Mattana, p.44.<\/p>\n<p><a href=\"http:\/\/fira.edu.br\/revista\/wp-content\/uploads\/2018\/10\/2018_vol8_num1_pg53.pdf\">CHEMICAL ECOLOGY: A GAME WITH INSECT COMUNICATION<strong><br \/>\n<\/strong><\/a>Elisa Mitsuko Aoyama, Adriana Mascarette Labinas, B\u00e1rbara Helena Ramos, Gabriela D\u00e1vila Ribeiro, p, 53.<\/p>\n","protected":false},"excerpt":{"rendered":"<p>LEVANTAMENTO DE PLANTAS MEDICINAIS UTILIZADAS POR FAMILIARES E ALUNOS DA E. E. Dr. PAULO ARA\u00daJO NOVAES NO MUNIC\u00cdPIO DE AVAR\u00c9 \u2013 SP Maria Caroline da Silveira, p.1. A REVOLTA DA VACINA Felipe Parischi Falsarelli, p.10. UMA PARCERIA PARA O CAOS: A ENTRADA DO BRASIL NA SEGUNDA GUERRA MUNDIAL Jonatan Rafael de Souza Mello, p.25. A &hellip; <a href=\"http:\/\/fira.edu.br\/revista\/vol-8-no1-2018\/\" class=\"more-link\">Continue lendo <span class=\"screen-reader-text\">Vol. 8 n\u00ba1 2018<\/span> <span class=\"meta-nav\">&rarr;<\/span><\/a><\/p>\n","protected":false},"author":3,"featured_media":0,"parent":0,"menu_order":0,"comment_status":"open","ping_status":"open","template":"","meta":{"footnotes":""},"class_list":["post-172","page","type-page","status-publish","hentry"],"_links":{"self":[{"href":"http:\/\/fira.edu.br\/revista\/wp-json\/wp\/v2\/pages\/172","targetHints":{"allow":["GET"]}}],"collection":[{"href":"http:\/\/fira.edu.br\/revista\/wp-json\/wp\/v2\/pages"}],"about":[{"href":"http:\/\/fira.edu.br\/revista\/wp-json\/wp\/v2\/types\/page"}],"author":[{"embeddable":true,"href":"http:\/\/fira.edu.br\/revista\/wp-json\/wp\/v2\/users\/3"}],"replies":[{"embeddable":true,"href":"http:\/\/fira.edu.br\/revista\/wp-json\/wp\/v2\/comments?post=172"}],"version-history":[{"count":2,"href":"http:\/\/fira.edu.br\/revista\/wp-json\/wp\/v2\/pages\/172\/revisions"}],"predecessor-version":[{"id":181,"href":"http:\/\/fira.edu.br\/revista\/wp-json\/wp\/v2\/pages\/172\/revisions\/181"}],"wp:attachment":[{"href":"http:\/\/fira.edu.br\/revista\/wp-json\/wp\/v2\/media?parent=172"}],"curies":[{"name":"wp","href":"https:\/\/api.w.org\/{rel}","templated":true}]}}