{"id":159,"date":"2017-09-14T17:54:36","date_gmt":"2017-09-14T17:54:36","guid":{"rendered":"http:\/\/fira.edu.br\/revista\/?page_id=159"},"modified":"2017-09-14T17:54:36","modified_gmt":"2017-09-14T17:54:36","slug":"vol-7-no2-2017","status":"publish","type":"page","link":"http:\/\/fira.edu.br\/revista\/vol-7-no2-2017\/","title":{"rendered":"Vol. 7 n\u00ba2 2017"},"content":{"rendered":"<p><a href=\"http:\/\/fira.edu.br\/revista\/wp-content\/uploads\/2017\/09\/2017_vol7_num2_pag01.pdf\">MARTINS PENA E A CR\u00cdTICA DO S\u00c9CULO XX<\/a><br \/>\nEmerson Calil Rosseti, p. 1<\/p>\n<p><a href=\"http:\/\/fira.edu.br\/revista\/wp-content\/uploads\/2017\/09\/2017_vol7_num2_pag17.pdf\">A TERCEIRA MARGEM DO RIO &#8211; JO\u00c3O GUIMAR\u00c3ES ROSA<\/a><br \/>\nAdriano Pereira da Silva,\u00a0Edna Lopes de Almeida e Renata Sara Ferreira de Miranda, p. 17<\/p>\n<p><a href=\"http:\/\/fira.edu.br\/revista\/wp-content\/uploads\/2017\/09\/2017_vol7_num2_pag37.pdf\">SUBST\u00c2NCIA \u2013 JO\u00c3O GUIMAR\u00c3ES ROSA<\/a><br \/>\nGabriel Vicentini,\u00a0Laura Helena Rossetti Ferreira e Lu\u00eds Carlos Garcia Deramio, p. 37<\/p>\n<p><a href=\"http:\/\/fira.edu.br\/revista\/wp-content\/uploads\/2017\/09\/2017_vol7_num2_pag47.pdf\">UMA EDUCA\u00c7\u00c3O ESCOLAR DEMOCR\u00c1TICA: AS INTERA\u00c7\u00d5ES EM SALA DE AULA PROMOVENDO A CONSTRU\u00c7\u00c3O DO CONHECIMENTO<\/a><br \/>\nWagner Garcia Pereira e\u00a0Wellington da Silva, p. 47<\/p>\n<p><a href=\"http:\/\/fira.edu.br\/revista\/wp-content\/uploads\/2017\/09\/2017_vol7_num2_pag62.pdf\">A MATEM\u00c1TICA NA NASA: A FUN\u00c7\u00c3O QUADR\u00c1TICA NO LAN\u00c7AMENTO DE FOGUETES<\/a><br \/>\nWagner Garcia Pereira e Wellington da Silva, p. 62<\/p>\n","protected":false},"excerpt":{"rendered":"<p>MARTINS PENA E A CR\u00cdTICA DO S\u00c9CULO XX Emerson Calil Rosseti, p. 1 A TERCEIRA MARGEM DO RIO &#8211; JO\u00c3O GUIMAR\u00c3ES ROSA Adriano Pereira da Silva,\u00a0Edna Lopes de Almeida e Renata Sara Ferreira de Miranda, p. 17 SUBST\u00c2NCIA \u2013 JO\u00c3O GUIMAR\u00c3ES ROSA Gabriel Vicentini,\u00a0Laura Helena Rossetti Ferreira e Lu\u00eds Carlos Garcia Deramio, p. 37 UMA &hellip; <a href=\"http:\/\/fira.edu.br\/revista\/vol-7-no2-2017\/\" class=\"more-link\">Continue lendo <span class=\"screen-reader-text\">Vol. 7 n\u00ba2 2017<\/span> <span class=\"meta-nav\">&rarr;<\/span><\/a><\/p>\n","protected":false},"author":3,"featured_media":0,"parent":0,"menu_order":0,"comment_status":"open","ping_status":"open","template":"","meta":{"footnotes":""},"class_list":["post-159","page","type-page","status-publish","hentry"],"_links":{"self":[{"href":"http:\/\/fira.edu.br\/revista\/wp-json\/wp\/v2\/pages\/159","targetHints":{"allow":["GET"]}}],"collection":[{"href":"http:\/\/fira.edu.br\/revista\/wp-json\/wp\/v2\/pages"}],"about":[{"href":"http:\/\/fira.edu.br\/revista\/wp-json\/wp\/v2\/types\/page"}],"author":[{"embeddable":true,"href":"http:\/\/fira.edu.br\/revista\/wp-json\/wp\/v2\/users\/3"}],"replies":[{"embeddable":true,"href":"http:\/\/fira.edu.br\/revista\/wp-json\/wp\/v2\/comments?post=159"}],"version-history":[{"count":5,"href":"http:\/\/fira.edu.br\/revista\/wp-json\/wp\/v2\/pages\/159\/revisions"}],"predecessor-version":[{"id":169,"href":"http:\/\/fira.edu.br\/revista\/wp-json\/wp\/v2\/pages\/159\/revisions\/169"}],"wp:attachment":[{"href":"http:\/\/fira.edu.br\/revista\/wp-json\/wp\/v2\/media?parent=159"}],"curies":[{"name":"wp","href":"https:\/\/api.w.org\/{rel}","templated":true}]}}