{"id":131,"date":"2016-08-15T12:52:25","date_gmt":"2016-08-15T12:52:25","guid":{"rendered":"http:\/\/fira.edu.br\/revista\/?page_id=131"},"modified":"2016-08-15T12:55:13","modified_gmt":"2016-08-15T12:55:13","slug":"vol-6-no1-2016","status":"publish","type":"page","link":"http:\/\/fira.edu.br\/revista\/vol-6-no1-2016\/","title":{"rendered":"Vol. 6 n\u00ba1 2016"},"content":{"rendered":"<p><a title=\"Ler artigo.\" href=\"http:\/\/fira.edu.br\/revista\/wp-content\/uploads\/2016\/08\/reec_2016_vol6_num1_pag1.pdf\">APRESENTA\u00c7\u00c3O<br \/>\n<\/a>Emerson Calil Rossetti e Juliana Helo\u00edsa Moreno Rutigliano, p. 1<\/p>\n<p><a title=\"Ler artigo.\" href=\"http:\/\/fira.edu.br\/revista\/wp-content\/uploads\/2016\/08\/reec_2016_vol6_num1_pag3.pdf\">O EXERC\u00cdCIO DA CR\u00cdTICA:\u00a0DOIS OLHARES SOBRE A OBRA DE MARTINS PENA<\/a><br \/>\nEmerson Calil Rossetti, p. 3<\/p>\n<p><a title=\"Ler artigo.\" href=\"http:\/\/fira.edu.br\/revista\/wp-content\/uploads\/2016\/08\/reec_2016_vol6_num1_pag14.pdf\">A NARRATIVA DE COSTUMES DO S\u00c9CULO XIX:\u00a0UMA AN\u00c1LISE DE MEM\u00d3RIAS DE UM SARGENTO DE MIL\u00cdCIAS<\/a><em><br \/>\n<\/em>Luane de Oliveira Silvestre e Raquel Lencioni Lisboa, p. 14<em><br \/>\n<\/em><\/p>\n<p><a title=\"Ler artigo.\" href=\"http:\/\/fira.edu.br\/revista\/wp-content\/uploads\/2016\/08\/reec_2016_vol6_num1_pag28.pdf\">HIST\u00d3RIA E FIC\u00c7\u00c3O:\u00a0REFLEX\u00d5ES A PARTIR DO ESTUDO DE <em>ESA\u00da E JAC\u00d3\u00a0<\/em>DE MACHADO DE ASSIS<\/a><br \/>\nHeliane Gomes Tavares, p. 28<\/p>\n<p><a title=\"Ler artigo.\" href=\"http:\/\/fira.edu.br\/revista\/wp-content\/uploads\/2016\/08\/reec_2016_vol6_num1_pag40.pdf\">AO VENCEDOR, AS BATATAS:\u00a0A ESTIL\u00cdSTICA MACHADIANA EM QUINCAS BORBA<\/a><em><br \/>\n<\/em>Luis Carlos Garcia Deramio, p. 40<em><br \/>\n<\/em><\/p>\n<p><a title=\"Ler artigo.\" href=\"http:\/\/fira.edu.br\/revista\/wp-content\/uploads\/2016\/08\/reec_2016_vol6_num1_pag55.pdf\">VISTAS SOBRE <em>DOM CASMURRO<\/em>:\u00a0UMA AN\u00c1LISE DA PERSONAGEM BENTINHO<\/a><br \/>\nGabriel Vicentini e Laura Helena Rossetti Ferreira, p. 55<\/p>\n<p>&nbsp;<\/p>\n","protected":false},"excerpt":{"rendered":"<p>APRESENTA\u00c7\u00c3O Emerson Calil Rossetti e Juliana Helo\u00edsa Moreno Rutigliano, p. 1 O EXERC\u00cdCIO DA CR\u00cdTICA:\u00a0DOIS OLHARES SOBRE A OBRA DE MARTINS PENA Emerson Calil Rossetti, p. 3 A NARRATIVA DE COSTUMES DO S\u00c9CULO XIX:\u00a0UMA AN\u00c1LISE DE MEM\u00d3RIAS DE UM SARGENTO DE MIL\u00cdCIAS Luane de Oliveira Silvestre e Raquel Lencioni Lisboa, p. 14 HIST\u00d3RIA E FIC\u00c7\u00c3O:\u00a0REFLEX\u00d5ES &hellip; <a href=\"http:\/\/fira.edu.br\/revista\/vol-6-no1-2016\/\" class=\"more-link\">Continue lendo <span class=\"screen-reader-text\">Vol. 6 n\u00ba1 2016<\/span> <span class=\"meta-nav\">&rarr;<\/span><\/a><\/p>\n","protected":false},"author":3,"featured_media":0,"parent":0,"menu_order":0,"comment_status":"open","ping_status":"open","template":"","meta":{"footnotes":""},"class_list":["post-131","page","type-page","status-publish","hentry"],"_links":{"self":[{"href":"http:\/\/fira.edu.br\/revista\/wp-json\/wp\/v2\/pages\/131","targetHints":{"allow":["GET"]}}],"collection":[{"href":"http:\/\/fira.edu.br\/revista\/wp-json\/wp\/v2\/pages"}],"about":[{"href":"http:\/\/fira.edu.br\/revista\/wp-json\/wp\/v2\/types\/page"}],"author":[{"embeddable":true,"href":"http:\/\/fira.edu.br\/revista\/wp-json\/wp\/v2\/users\/3"}],"replies":[{"embeddable":true,"href":"http:\/\/fira.edu.br\/revista\/wp-json\/wp\/v2\/comments?post=131"}],"version-history":[{"count":4,"href":"http:\/\/fira.edu.br\/revista\/wp-json\/wp\/v2\/pages\/131\/revisions"}],"predecessor-version":[{"id":135,"href":"http:\/\/fira.edu.br\/revista\/wp-json\/wp\/v2\/pages\/131\/revisions\/135"}],"wp:attachment":[{"href":"http:\/\/fira.edu.br\/revista\/wp-json\/wp\/v2\/media?parent=131"}],"curies":[{"name":"wp","href":"https:\/\/api.w.org\/{rel}","templated":true}]}}